{"id":782,"date":"2024-08-29T10:10:50","date_gmt":"2024-08-29T10:10:50","guid":{"rendered":"https:\/\/www.laviadelafotografia.com\/?page_id=782"},"modified":"2024-08-30T18:38:00","modified_gmt":"2024-08-30T18:38:00","slug":"mas-informacion","status":"publish","type":"page","link":"https:\/\/www.laviadelafotografia.com\/index.php\/mas-informacion\/","title":{"rendered":"M\u00e1s informaci\u00f3n"},"content":{"rendered":"<p>[et_pb_section fb_built=\u00bb1&#8243; _builder_version=\u00bb4.16&#8243; background_color=\u00bb#eedbc5&#8243; global_colors_info=\u00bb{}\u00bb][et_pb_row _builder_version=\u00bb4.16&#8243; background_size=\u00bbinitial\u00bb background_position=\u00bbtop_left\u00bb background_repeat=\u00bbrepeat\u00bb global_colors_info=\u00bb{}\u00bb][et_pb_column type=\u00bb4_4&#8243; _builder_version=\u00bb4.16&#8243; custom_padding=\u00bb|||\u00bb global_colors_info=\u00bb{}\u00bb custom_padding__hover=\u00bb|||\u00bb][et_pb_text _builder_version=\u00bb4.27.0&#8243; header_font_size=\u00bb35px\u00bb background_color=\u00bb#751e44&#8243; background_size=\u00bbinitial\u00bb background_position=\u00bbtop_left\u00bb background_repeat=\u00bbrepeat\u00bb custom_padding=\u00bb20px||20px||false|false\u00bb border_width_all=\u00bb5px\u00bb border_color_all=\u00bb#FFFFFF\u00bb global_colors_info=\u00bb{}\u00bb]<\/p>\n<h1 style=\"text-align: center;\"><strong><span style=\"color: #ffffff;\">Informaci\u00f3n sobre el curso<br \/><\/span><\/strong><\/h1>\n<h1 style=\"text-align: center;\"><strong><span style=\"color: #ffffff;\"> Nivel I de \u00abla V\u00eda de la Fotograf\u00eda\u00bb<\/span><br \/><\/strong><\/h1>\n<p>[\/et_pb_text][et_pb_text _builder_version=\u00bb4.27.0&#8243; text_font_size=\u00bb18px\u00bb background_color=\u00bb#aa7a3b\u00bb custom_padding=\u00bb30px|15px|30px|35px|false|false\u00bb hover_enabled=\u00bb0&#8243; border_width_all=\u00bb3px\u00bb border_color_all=\u00bb#FFFFFF\u00bb global_colors_info=\u00bb{}\u00bb sticky_enabled=\u00bb0&#8243;]<\/p>\n<p><span style=\"color: #ffffff;\">El temario de la formaci\u00f3n est\u00e1 basado en los temas que encontrar\u00e1s en el libro, puedes <span style=\"color: #ffff00;\"><a href=\"https:\/\/www.laviadelafotografia.com\/index.php\/presentacion\/\" target=\"_blank\" rel=\"noopener\" style=\"color: #ffff00;\"><strong>revisar el \u00edndice aqu\u00ed<\/strong><\/a><\/span>,<br \/>y est\u00e1 repartido en dos niveles. Este curso 2024-25 empezamos con el primer nivel desde lo m\u00e1s b\u00e1sico.<\/span><br \/><span style=\"color: #ffffff;\">El formato del curso es presencial. Nos vemos un s\u00e1bado al mes de 11h a 19h de Octubre a Junio.<br \/>El lugar de encuentro es la Escola de l\u2019\u00c9sser en la plaza Lesseps (Barcelona).<\/span><\/p>\n<p>[\/et_pb_text][et_pb_text _builder_version=\u00bb4.27.0&#8243; text_font_size=\u00bb18px\u00bb background_color=\u00bb#727039&#8243; custom_padding=\u00bb20px|25px|20px|25px|false|false\u00bb border_width_all=\u00bb3px\u00bb border_color_all=\u00bb#FFFFFF\u00bb global_colors_info=\u00bb{}\u00bb]<\/p>\n<p><span style=\"color: #ffffff;\">Normalmente hacemos las pr\u00e1cticas fotogr\u00e1ficas por la ma\u00f1ana y vemos las fotograf\u00edas que se han hecho por la tarde. Por ese motivo vamos a diferentes lugares a fotografiar tanto de dentro como de fuera de Barcelona.<\/span><br \/><span style=\"color: #ffffff;\">El curso no est\u00e1 pensado para ense\u00f1ar aspectos t\u00e9cnicos, hay muchos cursos que se pueden encontrar en internet, aunque se pueden solucionar algunas dudas puntuales.<\/span><\/p>\n<p>[\/et_pb_text][\/et_pb_column][\/et_pb_row][et_pb_row column_structure=\u00bb1_2,1_2&#8243; use_custom_gutter=\u00bbon\u00bb gutter_width=\u00bb2&#8243; _builder_version=\u00bb4.27.0&#8243; _module_preset=\u00bbdefault\u00bb global_colors_info=\u00bb{}\u00bb][et_pb_column type=\u00bb1_2&#8243; _builder_version=\u00bb4.27.0&#8243; _module_preset=\u00bbdefault\u00bb global_colors_info=\u00bb{}\u00bb][et_pb_image src=\u00bbhttps:\/\/www.laviadelafotografia.com\/wp-content\/uploads\/2024\/08\/Matilde-Lopez-C2.jpg\u00bb title_text=\u00bbMatilde L\u00f3pez C2&#8243; _builder_version=\u00bb4.27.0&#8243; _module_preset=\u00bbdefault\u00bb border_width_all=\u00bb3px\u00bb border_color_all=\u00bb#FFFFFF\u00bb box_shadow_style=\u00bbpreset1&#8243; global_colors_info=\u00bb{}\u00bb][\/et_pb_image][\/et_pb_column][et_pb_column type=\u00bb1_2&#8243; _builder_version=\u00bb4.27.0&#8243; _module_preset=\u00bbdefault\u00bb global_colors_info=\u00bb{}\u00bb][et_pb_image src=\u00bbhttps:\/\/www.laviadelafotografia.com\/wp-content\/uploads\/2024\/08\/Toni-Tortosa-B.jpg\u00bb title_text=\u00bbToni-Tortosa-B\u00bb _builder_version=\u00bb4.27.0&#8243; _module_preset=\u00bbdefault\u00bb border_width_all=\u00bb3px\u00bb border_color_all=\u00bb#FFFFFF\u00bb box_shadow_style=\u00bbpreset1&#8243; global_colors_info=\u00bb{}\u00bb][\/et_pb_image][\/et_pb_column][\/et_pb_row][et_pb_row _builder_version=\u00bb4.27.0&#8243; _module_preset=\u00bbdefault\u00bb global_colors_info=\u00bb{}\u00bb][et_pb_column type=\u00bb4_4&#8243; _builder_version=\u00bb4.27.0&#8243; _module_preset=\u00bbdefault\u00bb global_colors_info=\u00bb{}\u00bb][et_pb_text _builder_version=\u00bb4.27.0&#8243; text_font_size=\u00bb18px\u00bb background_color=\u00bb#3c0e6d\u00bb custom_padding=\u00bb20px|25px|20px|25px|false|false\u00bb border_width_all=\u00bb3px\u00bb border_color_all=\u00bb#FFFFFF\u00bb global_colors_info=\u00bb{}\u00bb]<\/p>\n<p style=\"text-align: center;\"><span style=\"color: #ffffff;\">Si est\u00e1s interesado o tienes preguntas por hacer ponte en contacto conmigo en el tel <strong>655 656 109<\/strong><br \/>o a trav\u00e9s del email <\/span><a href=\"mailto:info@laviadelafotografia.com\"><span style=\"color: #ffffff;\">info@laviadelafotografia.com<\/span><\/a><span style=\"color: #ffffff;\"><\/span><\/p>\n<p style=\"text-align: right;\"><span style=\"color: #ffffff;\">Luis Ochandorena<\/span><\/p>\n<p>[\/et_pb_text][\/et_pb_column][\/et_pb_row][\/et_pb_section]<\/p>\n","protected":false},"excerpt":{"rendered":"<p>Informaci\u00f3n sobre el curso Nivel I de \u00abla V\u00eda de la Fotograf\u00eda\u00bbEl temario de la formaci\u00f3n est\u00e1 basado en los temas que encontrar\u00e1s en el libro, puedes revisar el \u00edndice aqu\u00ed,y est\u00e1 repartido en dos niveles. Este curso 2024-25 empezamos con el primer nivel desde lo m\u00e1s b\u00e1sico.El formato del curso es presencial. Nos vemos [&hellip;]<\/p>\n","protected":false},"author":1,"featured_media":0,"parent":0,"menu_order":0,"comment_status":"closed","ping_status":"closed","template":"","meta":{"_et_pb_use_builder":"on","_et_pb_old_content":"","_et_gb_content_width":"","footnotes":""},"class_list":["post-782","page","type-page","status-publish","hentry"],"_links":{"self":[{"href":"https:\/\/www.laviadelafotografia.com\/index.php\/wp-json\/wp\/v2\/pages\/782","targetHints":{"allow":["GET"]}}],"collection":[{"href":"https:\/\/www.laviadelafotografia.com\/index.php\/wp-json\/wp\/v2\/pages"}],"about":[{"href":"https:\/\/www.laviadelafotografia.com\/index.php\/wp-json\/wp\/v2\/types\/page"}],"author":[{"embeddable":true,"href":"https:\/\/www.laviadelafotografia.com\/index.php\/wp-json\/wp\/v2\/users\/1"}],"replies":[{"embeddable":true,"href":"https:\/\/www.laviadelafotografia.com\/index.php\/wp-json\/wp\/v2\/comments?post=782"}],"version-history":[{"count":9,"href":"https:\/\/www.laviadelafotografia.com\/index.php\/wp-json\/wp\/v2\/pages\/782\/revisions"}],"predecessor-version":[{"id":815,"href":"https:\/\/www.laviadelafotografia.com\/index.php\/wp-json\/wp\/v2\/pages\/782\/revisions\/815"}],"wp:attachment":[{"href":"https:\/\/www.laviadelafotografia.com\/index.php\/wp-json\/wp\/v2\/media?parent=782"}],"curies":[{"name":"wp","href":"https:\/\/api.w.org\/{rel}","templated":true}]}}