{"id":633,"date":"2024-08-28T17:57:16","date_gmt":"2024-08-28T17:57:16","guid":{"rendered":"https:\/\/www.laviadelafotografia.com\/?page_id=633"},"modified":"2026-01-06T17:35:06","modified_gmt":"2026-01-06T17:35:06","slug":"presentacion","status":"publish","type":"page","link":"https:\/\/www.laviadelafotografia.com\/index.php\/presentacion\/","title":{"rendered":"Presentaci\u00f3n"},"content":{"rendered":"<p>[et_pb_section fb_built=\u00bb1&#8243; _builder_version=\u00bb4.16&#8243; background_color=\u00bb#eedbc5&#8243; global_colors_info=\u00bb{}\u00bb][et_pb_row _builder_version=\u00bb4.16&#8243; background_size=\u00bbinitial\u00bb background_position=\u00bbtop_left\u00bb background_repeat=\u00bbrepeat\u00bb global_colors_info=\u00bb{}\u00bb][et_pb_column type=\u00bb4_4&#8243; _builder_version=\u00bb4.16&#8243; custom_padding=\u00bb|||\u00bb global_colors_info=\u00bb{}\u00bb custom_padding__hover=\u00bb|||\u00bb][et_pb_text _builder_version=\u00bb4.27.0&#8243; text_font_size=\u00bb18px\u00bb header_font_size=\u00bb36px\u00bb background_color=\u00bb#842a4b\u00bb background_size=\u00bbinitial\u00bb background_position=\u00bbtop_left\u00bb background_repeat=\u00bbrepeat\u00bb custom_padding=\u00bb20px||20px||false|false\u00bb border_width_all=\u00bb5px\u00bb border_color_all=\u00bb#FFFFFF\u00bb global_colors_info=\u00bb{}\u00bb]<\/p>\n<h1 style=\"text-align: center;\"><span style=\"color: #ffffff;\"><strong>Libro: \u00abLa V\u00eda de la Fotograf\u00eda\u00bb<br \/><\/strong><\/span><\/h1>\n<h2 style=\"text-align: center;\"><span style=\"color: #ffffff;\">Un camino de conocimiento a trav\u00e9s de la percepci\u00f3n visual<\/span><\/h2>\n<p style=\"text-align: center;\">[\/et_pb_text][et_pb_text _builder_version=\u00bb4.27.0&#8243; text_font_size=\u00bb17px\u00bb background_color=\u00bb#3c5870&#8243; custom_padding=\u00bb30px|25px|30px|30px|false|false\u00bb border_width_all=\u00bb5px\u00bb border_color_all=\u00bb#FFFFFF\u00bb global_colors_info=\u00bb{}\u00bb]<\/p>\n<p><span style=\"color: #ffffff;\">Este libro intenta responder a aquellas preguntas que nos hacemos como personas que sienten atracci\u00f3n por las im\u00e1genes m\u00e1s all\u00e1 de los conocimientos t\u00e9cnicos que tengamos para su realizaci\u00f3n. \u00bfPorqu\u00e9 nos fascinan tanto las fotos? \u00bfQu\u00e9 hace que me atraiga algo para fotografiarlo? \u00bfC\u00f3mo reconocer la experiencia visual que tengo cuando hago fotos? \u00bfC\u00f3mo se lee una fotograf\u00eda? \u00bfPuedo conseguir que mis fotograf\u00edas sean m\u00e1s potentes? \u00bfPorqu\u00e9 hay im\u00e1genes de las que hago que considero especiales y otras no?<\/span><\/p>\n<p><span style=\"color: #ffffff;\">Estas preguntas son las que me he hecho en mi camino fotogr\u00e1fico. He encontrado algunas respuestas que me sirven porque me aportan claridad para saber porqu\u00e9 sigo haciendo fotos y que encontrar\u00e1s en el libro. Espero que te motive a realizar este apasionante viaje.<\/span><\/p>\n<p>[\/et_pb_text][\/et_pb_column][\/et_pb_row][et_pb_row column_structure=\u00bb1_5,3_5,1_5&#8243; _builder_version=\u00bb4.27.0&#8243; _module_preset=\u00bbdefault\u00bb global_colors_info=\u00bb{}\u00bb][et_pb_column type=\u00bb1_5&#8243; _builder_version=\u00bb4.27.0&#8243; _module_preset=\u00bbdefault\u00bb global_colors_info=\u00bb{}\u00bb][\/et_pb_column][et_pb_column type=\u00bb3_5&#8243; _builder_version=\u00bb4.27.0&#8243; _module_preset=\u00bbdefault\u00bb global_colors_info=\u00bb{}\u00bb][et_pb_image src=\u00bbhttps:\/\/www.laviadelafotografia.com\/wp-content\/uploads\/2024\/08\/Libro-ESP-Foto-1.jpg\u00bb title_text=\u00bbLibro ESP Foto 1&#8243; _builder_version=\u00bb4.27.0&#8243; _module_preset=\u00bbdefault\u00bb border_width_all=\u00bb6px\u00bb border_color_all=\u00bb#FFFFFF\u00bb box_shadow_style=\u00bbpreset1&#8243; global_colors_info=\u00bb{}\u00bb][\/et_pb_image][\/et_pb_column][et_pb_column type=\u00bb1_5&#8243; _builder_version=\u00bb4.27.0&#8243; _module_preset=\u00bbdefault\u00bb global_colors_info=\u00bb{}\u00bb][\/et_pb_column][\/et_pb_row][et_pb_row _builder_version=\u00bb4.27.0&#8243; _module_preset=\u00bbdefault\u00bb global_colors_info=\u00bb{}\u00bb][et_pb_column type=\u00bb4_4&#8243; _builder_version=\u00bb4.27.0&#8243; _module_preset=\u00bbdefault\u00bb global_colors_info=\u00bb{}\u00bb][et_pb_text _builder_version=\u00bb4.27.0&#8243; text_font_size=\u00bb17px\u00bb background_color=\u00bb#3c5870&#8243; custom_padding=\u00bb30px|25px|30px|30px|false|false\u00bb border_width_all=\u00bb5px\u00bb border_color_all=\u00bb#FFFFFF\u00bb global_colors_info=\u00bb{}\u00bb]<\/p>\n<p><span style=\"color: #ffffff;\">Por debajo de los estilos y los movimientos fotogr\u00e1ficos, como si de un rio subterr\u00e1neo se tratara, existe un camino de conocimiento intuido por muchos fot\u00f3grafos a lo largo de la historia, del que nos han dejado pistas en sus obras y sus escritos. El primero que nos mostr\u00f3 la puerta de acceso a esa zona del saber fotogr\u00e1fico y que se dedic\u00f3 a compartir esa sabidur\u00eda de forma estructurada fue Minor White. El conocimiento que transmiti\u00f3 nos ense\u00f1a c\u00f3mo funciona la percepci\u00f3n visual y c\u00f3mo influye en la imagen el estado interno del fot\u00f3grafo, entre otras muchas cosas. Este camino no es exclusivo de los fot\u00f3grafos. Hoy en d\u00eda, con la facilidad t\u00e9cnica para hacer fotos, cualquier persona interesada puede participar de esta experiencia. Tiene algo de magia poder reconocer qu\u00e9 dicen las im\u00e1genes propias y de los compa\u00f1eros.<\/span><\/p>\n<p>[\/et_pb_text][\/et_pb_column][\/et_pb_row][et_pb_row column_structure=\u00bb1_4,1_2,1_4&#8243; _builder_version=\u00bb4.27.0&#8243; _module_preset=\u00bbdefault\u00bb global_colors_info=\u00bb{}\u00bb][et_pb_column type=\u00bb1_4&#8243; _builder_version=\u00bb4.27.0&#8243; _module_preset=\u00bbdefault\u00bb global_colors_info=\u00bb{}\u00bb][\/et_pb_column][et_pb_column type=\u00bb1_2&#8243; _builder_version=\u00bb4.27.0&#8243; _module_preset=\u00bbdefault\u00bb global_colors_info=\u00bb{}\u00bb][et_pb_text _builder_version=\u00bb4.27.0&#8243; text_font_size=\u00bb17px\u00bb header_3_font_size=\u00bb21px\u00bb header_3_line_height=\u00bb1.4em\u00bb header_4_font_size=\u00bb19px\u00bb header_4_line_height=\u00bb1.5em\u00bb background_color=\u00bb#ad5863&#8243; custom_padding=\u00bb20px|25px|20px|25px|false|false\u00bb border_width_all=\u00bb5px\u00bb border_color_all=\u00bb#FFFFFF\u00bb global_colors_info=\u00bb{}\u00bb]<\/p>\n<h4 style=\"text-align: center;\"><strong><span style=\"color: #ffffff;\">Dedicatoria<\/span><\/strong><\/h4>\n<h4 style=\"text-align: center;\"><span style=\"color: #ffffff;\">A los maestros que no conoc\u00ed en persona, <\/span><br \/><span style=\"color: #ffffff;\">Minor White y Ch\u00f6gyam Trungpa, <\/span><br \/><span style=\"color: #ffffff;\">con mi agradecimiento por se\u00f1alar <\/span><br \/><span style=\"color: #ffffff;\">la V\u00eda de la fotograf\u00eda.<\/span><\/h4>\n<p>[\/et_pb_text][\/et_pb_column][et_pb_column type=\u00bb1_4&#8243; _builder_version=\u00bb4.27.0&#8243; _module_preset=\u00bbdefault\u00bb global_colors_info=\u00bb{}\u00bb][\/et_pb_column][\/et_pb_row][et_pb_row column_structure=\u00bb1_2,1_2&#8243; _builder_version=\u00bb4.16&#8243; background_size=\u00bbinitial\u00bb background_position=\u00bbtop_left\u00bb background_repeat=\u00bbrepeat\u00bb global_colors_info=\u00bb{}\u00bb][et_pb_column type=\u00bb1_2&#8243; _builder_version=\u00bb4.16&#8243; custom_padding=\u00bb|||\u00bb global_colors_info=\u00bb{}\u00bb custom_padding__hover=\u00bb|||\u00bb][et_pb_text _builder_version=\u00bb4.27.0&#8243; text_font_size=\u00bb17px\u00bb background_color=\u00bb#447065&#8243; custom_padding=\u00bb30px|25px|40px|30px|false|false\u00bb border_width_all=\u00bb5px\u00bb border_color_all=\u00bb#FFFFFF\u00bb global_colors_info=\u00bb{}\u00bb]<\/p>\n<h2><span style=\"color: #ffffff;\">Indice<\/span><\/h2>\n<p><span style=\"color: #ffffff;\"><\/span><\/p>\n<p><span style=\"color: #ffffff;\"><\/span><\/p>\n<p><span style=\"color: #ffffff;\"><\/span><\/p>\n<p><span style=\"color: #ffffff;\">Introducci\u00f3n &#8230;&#8230;&#8230;. 9<\/span><br \/><span style=\"color: #ffffff;\">La fotograf\u00eda, un camino &#8230;&#8230;&#8230;.. 11<\/span><br \/><span style=\"color: #ffffff;\">Linajes fotogr\u00e1ficos &#8230;&#8230;&#8230;. 14<\/span><br \/><span style=\"color: #ffffff;\">El legado de Minor White &#8230;&#8230;&#8230;. 16<\/span><br \/><span style=\"color: #ffffff;\">Las ense\u00f1anzas Miksang &#8230;&#8230;&#8230;. 18<\/span><br \/><span style=\"color: #ffffff;\">Mirar y Ver &#8230;&#8230;&#8230;. 20<\/span><br \/><span style=\"color: #ffffff;\">La formaci\u00f3n fotogr\u00e1fica &#8230;&#8230;&#8230;. 23<\/span><br \/><span style=\"color: #ffffff;\">Sin palabras &#8230;&#8230;&#8230;. 25<\/span><br \/><span style=\"color: #ffffff;\">Un sencillo experimento &#8230;&#8230;&#8230;. 26<\/span><br \/><span style=\"color: #ffffff;\">El mundo de la experiencia &#8230;&#8230;&#8230;. 28<\/span><br \/><span style=\"color: #ffffff;\">La inocencia de la mirada &#8230;&#8230;&#8230;. 30<\/span><br \/><span style=\"color: #ffffff;\">Com\u00fan y corriente &#8230;&#8230;&#8230;. 32<\/span><br \/><span style=\"color: #ffffff;\">Arte sin objetivo &#8230;&#8230;&#8230;. 34<\/span><br \/><span style=\"color: #ffffff;\">Convertirse en un canal &#8230;&#8230;&#8230;. 36<\/span><br \/><span style=\"color: #ffffff;\">Una transmisi\u00f3n &#8230;&#8230;&#8230;. 39<\/span><br \/><span style=\"color: #ffffff;\">Estado de conciencia expandida &#8230;&#8230;&#8230;. 42<\/span><br \/><span style=\"color: #ffffff;\">La c\u00e1mara sirve para ver &#8230;&#8230;&#8230;. 44<\/span><br \/><span style=\"color: #ffffff;\">El ojo de la m\u00e1quina &#8230;&#8230;&#8230;. 46<\/span><br \/><span style=\"color: #ffffff;\">Presencia fotogr\u00e1fica &#8230;&#8230;&#8230;. 48<\/span><br \/><span style=\"color: #ffffff;\">Testigo y testimonio &#8230;&#8230;&#8230;. 50<\/span><br \/><span style=\"color: #ffffff;\">El poder de la atenci\u00f3n &#8230;&#8230;&#8230;. 52<\/span><br \/><span style=\"color: #ffffff;\">La actitud correcta &#8230;&#8230;&#8230;. 54<\/span><br \/><span style=\"color: #ffffff;\">Obst\u00e1culos a la percepci\u00f3n &#8230;&#8230;&#8230;. 56<\/span><br \/><span style=\"color: #ffffff;\">La quietud interna &#8230;&#8230;&#8230;. 58<\/span><br \/><span style=\"color: #ffffff;\">Disciplinarse &#8230;&#8230;&#8230;. 60<\/span><br \/><span style=\"color: #ffffff;\">Reconocer los l\u00edmites &#8230;&#8230;&#8230;. 62<\/span><br \/><span style=\"color: #ffffff;\">La chispa de la inspiraci\u00f3n &#8230;&#8230;&#8230;. 64<\/span><br \/><span style=\"color: #ffffff;\">Explorando la intuici\u00f3n &#8230;&#8230;&#8230;. 66<\/span><br \/><span style=\"color: #ffffff;\">Pasi\u00f3n y obsesi\u00f3n &#8230;&#8230;&#8230;. 68<\/span><br \/><span style=\"color: #ffffff;\">La sencillez t\u00e9cnica &#8230;&#8230;&#8230;. 70<\/span><br \/><span style=\"color: #ffffff;\">Tipos de c\u00e1maras: modos de mirar &#8230;&#8230;&#8230;. 72<\/span><br \/><span style=\"color: #ffffff;\">Reencuadrar &#8230;&#8230;&#8230;. 74<\/span><br \/><span style=\"color: #ffffff;\">La necesidad de desaprender &#8230;&#8230;&#8230;. 76<\/span><br \/><span style=\"color: #ffffff;\">El gran enga\u00f1o &#8230;&#8230;&#8230;. 78<\/span><br \/><span style=\"color: #ffffff;\">Una fotograf\u00eda no explica nada &#8230;&#8230;&#8230;. 80<\/span><br \/><span style=\"color: #ffffff;\">La belleza y la est\u00e9tica &#8230;&#8230;&#8230;. 82<\/span><br \/><span style=\"color: #ffffff;\">Fondo y figura &#8230;&#8230;&#8230;. 84<\/span><span style=\"color: #ffffff;\">\u00a0<\/span><\/p>\n<p>[\/et_pb_text][\/et_pb_column][et_pb_column type=\u00bb1_2&#8243; _builder_version=\u00bb4.16&#8243; custom_padding=\u00bb|||\u00bb global_colors_info=\u00bb{}\u00bb custom_padding__hover=\u00bb|||\u00bb][et_pb_text _builder_version=\u00bb4.27.0&#8243; text_font_size=\u00bb17px\u00bb background_color=\u00bb#447065&#8243; custom_padding=\u00bb30px|25px|30px|30px|false|false\u00bb border_width_all=\u00bb5px\u00bb border_color_all=\u00bb#FFFFFF\u00bb global_colors_info=\u00bb{}\u00bb]<\/p>\n<p><span style=\"color: #ffffff;\">Los elementos de la percepci\u00f3n &#8230;&#8230;&#8230;. 87<\/span><br \/><span style=\"color: #ffffff;\">Detr\u00e1s del color &#8230;&#8230;&#8230;. 89<\/span><br \/><span style=\"color: #ffffff;\">En presencia de la luz &#8230;&#8230;&#8230;. 92<\/span><br \/><span style=\"color: #ffffff;\">La textura: dedos en los ojos &#8230;&#8230;&#8230;. 96<\/span><br \/><span style=\"color: #ffffff;\">Patr\u00f3n: la geometr\u00eda de la imagen &#8230;&#8230;&#8230;. 98<\/span><br \/><span style=\"color: #ffffff;\">El momento detenido &#8230;&#8230;&#8230;. 100<\/span><br \/><span style=\"color: #ffffff;\">La forma b\u00e1sica de la percepci\u00f3n &#8230;&#8230;&#8230;. 102<\/span><br \/><span style=\"color: #ffffff;\">El punto en el espacio: la clave &#8230;&#8230;&#8230;. 104<\/span><br \/><span style=\"color: #ffffff;\">El espacio: descanso de la mirada &#8230;&#8230;&#8230;. 106<\/span><br \/><span style=\"color: #ffffff;\">Fotograf\u00eda abstracta &#8230;&#8230;&#8230;. 108<\/span><br \/><span style=\"color: #ffffff;\">En la forma est\u00e1 el mensaje &#8230;&#8230;&#8230;. 111<\/span><br \/><span style=\"color: #ffffff;\">La luz y la sombra &#8230;&#8230;&#8230;. 113<\/span><br \/><span style=\"color: #ffffff;\">El flujo del tiempo &#8230;&#8230;&#8230;. 115<\/span><br \/><span style=\"color: #ffffff;\">La impermanencia &#8230;&#8230;&#8230;. 1117<\/span><br \/><span style=\"color: #ffffff;\">Una obra de teatro visual &#8230;&#8230;&#8230;. 119<\/span><br \/><span style=\"color: #ffffff;\">Espejo y ventana &#8230;&#8230;&#8230;. 121<\/span><br \/><span style=\"color: #ffffff;\">Lo objetivo y lo subjetivo &#8230;&#8230;&#8230;. 122<\/span><br \/><span style=\"color: #ffffff;\">Los s\u00edmbolos ordinarios &#8230;&#8230;&#8230;. 124<\/span><br \/><span style=\"color: #ffffff;\">El equivalente &#8230;&#8230;&#8230;. 126<\/span><br \/><span style=\"color: #ffffff;\">Reconocer la experiencia visual &#8230;&#8230;&#8230;. 128<\/span><br \/><span style=\"color: #ffffff;\">Cloud Photographs &#8230;&#8230;&#8230;. 129<\/span><br \/><span style=\"color: #ffffff;\">Essence of a Boat &#8230;&#8230;&#8230;. 132<\/span><br \/><span style=\"color: #ffffff;\">Fete Foraine &#8230;&#8230;&#8230;. 134<\/span><br \/><span style=\"color: #ffffff;\">Allie Mae Burroughs &#8230;&#8230;&#8230;. 136<\/span><br \/><span style=\"color: #ffffff;\">Migrant mother &#8230;&#8230;&#8230;. 138<\/span><br \/><span style=\"color: #ffffff;\">Movie premiere &#8230;&#8230;&#8230;. 140<\/span><br \/><span style=\"color: #ffffff;\">Stray Dog &#8230;&#8230;&#8230;. 142<\/span><br \/><span style=\"color: #ffffff;\">Metal Ornament &#8230;&#8230;&#8230;. 144<\/span><br \/><span style=\"color: #ffffff;\">Y las fotograf\u00edas para ser miradas &#8230;&#8230;&#8230;. 146<\/span><br \/><span style=\"color: #ffffff;\">El estilo natural &#8230;&#8230;&#8230;. 150<\/span><br \/><span style=\"color: #ffffff;\">La mente cr\u00edtica &#8230;&#8230;&#8230;. 152<\/span><br \/><span style=\"color: #ffffff;\">Editar es un arte &#8230;&#8230;&#8230;. 154<\/span><br \/><span style=\"color: #ffffff;\">Sin pictorialismos &#8230;&#8230;&#8230;. 156<\/span><br \/><span style=\"color: #ffffff;\">Las series: relaci\u00f3n entre fotograf\u00edas &#8230;&#8230;&#8230;. 159<\/span><br \/><span style=\"color: #ffffff;\">Secuencias &#8230;&#8230;&#8230;. 161<\/span><br \/><span style=\"color: #ffffff;\">Trascender la separaci\u00f3n &#8230;&#8230;&#8230;. 163<\/span><br \/><span style=\"color: #ffffff;\">Lo inexplicable &#8230;&#8230;&#8230;. 167<\/span><br \/><span style=\"color: #ffffff;\">Bibliograf\u00eda &#8230;&#8230;&#8230;. 168<\/span><br \/><span style=\"color: #ffffff;\">Fotobiograf\u00eda &#8230;&#8230;&#8230;. 170<\/span><br \/><span style=\"color: #ffffff;\">Agradecimientos &#8230;&#8230;&#8230;. 172<\/span><br \/><span style=\"color: #ffffff;\">Informaci\u00f3n y contacto &#8230;&#8230;&#8230;. 173<\/span><\/p>\n<p>[\/et_pb_text][\/et_pb_column][\/et_pb_row][\/et_pb_section]<\/p>\n","protected":false},"excerpt":{"rendered":"<p>Libro: \u00abLa V\u00eda de la Fotograf\u00eda\u00bb Un camino de conocimiento a trav\u00e9s de la percepci\u00f3n visual Este libro intenta responder a aquellas preguntas que nos hacemos como personas que sienten atracci\u00f3n por las im\u00e1genes m\u00e1s all\u00e1 de los conocimientos t\u00e9cnicos que tengamos para su realizaci\u00f3n. \u00bfPorqu\u00e9 nos fascinan tanto las fotos? \u00bfQu\u00e9 hace que me [&hellip;]<\/p>\n","protected":false},"author":1,"featured_media":0,"parent":0,"menu_order":0,"comment_status":"closed","ping_status":"closed","template":"","meta":{"_et_pb_use_builder":"on","_et_pb_old_content":"","_et_gb_content_width":"","footnotes":""},"class_list":["post-633","page","type-page","status-publish","hentry"],"_links":{"self":[{"href":"https:\/\/www.laviadelafotografia.com\/index.php\/wp-json\/wp\/v2\/pages\/633","targetHints":{"allow":["GET"]}}],"collection":[{"href":"https:\/\/www.laviadelafotografia.com\/index.php\/wp-json\/wp\/v2\/pages"}],"about":[{"href":"https:\/\/www.laviadelafotografia.com\/index.php\/wp-json\/wp\/v2\/types\/page"}],"author":[{"embeddable":true,"href":"https:\/\/www.laviadelafotografia.com\/index.php\/wp-json\/wp\/v2\/users\/1"}],"replies":[{"embeddable":true,"href":"https:\/\/www.laviadelafotografia.com\/index.php\/wp-json\/wp\/v2\/comments?post=633"}],"version-history":[{"count":24,"href":"https:\/\/www.laviadelafotografia.com\/index.php\/wp-json\/wp\/v2\/pages\/633\/revisions"}],"predecessor-version":[{"id":862,"href":"https:\/\/www.laviadelafotografia.com\/index.php\/wp-json\/wp\/v2\/pages\/633\/revisions\/862"}],"wp:attachment":[{"href":"https:\/\/www.laviadelafotografia.com\/index.php\/wp-json\/wp\/v2\/media?parent=633"}],"curies":[{"name":"wp","href":"https:\/\/api.w.org\/{rel}","templated":true}]}}