{"id":523,"date":"2024-08-28T10:04:09","date_gmt":"2024-08-28T10:04:09","guid":{"rendered":"https:\/\/www.laviadelafotografia.com\/?page_id=523"},"modified":"2024-08-28T20:05:07","modified_gmt":"2024-08-28T20:05:07","slug":"fotobiografia","status":"publish","type":"page","link":"https:\/\/www.laviadelafotografia.com\/index.php\/fotobiografia\/","title":{"rendered":"Fotobiograf\u00eda"},"content":{"rendered":"<p>[et_pb_section fb_built=\u00bb1&#8243; _builder_version=\u00bb4.16&#8243; background_color=\u00bb#eedbc5&#8243; global_colors_info=\u00bb{}\u00bb][et_pb_row column_structure=\u00bb1_5,3_5,1_5&#8243; _builder_version=\u00bb4.16&#8243; background_size=\u00bbinitial\u00bb background_position=\u00bbtop_left\u00bb background_repeat=\u00bbrepeat\u00bb global_colors_info=\u00bb{}\u00bb][et_pb_column type=\u00bb1_5&#8243; _builder_version=\u00bb4.16&#8243; custom_padding=\u00bb|||\u00bb global_colors_info=\u00bb{}\u00bb custom_padding__hover=\u00bb|||\u00bb][\/et_pb_column][et_pb_column type=\u00bb3_5&#8243; _builder_version=\u00bb4.16&#8243; custom_padding=\u00bb|||\u00bb global_colors_info=\u00bb{}\u00bb custom_padding__hover=\u00bb|||\u00bb][et_pb_text _builder_version=\u00bb4.27.0&#8243; background_color=\u00bb#a02c51&#8243; background_size=\u00bbinitial\u00bb background_position=\u00bbtop_left\u00bb background_repeat=\u00bbrepeat\u00bb custom_padding=\u00bb15px||10px||false|false\u00bb hover_enabled=\u00bb0&#8243; border_width_all=\u00bb5px\u00bb border_color_all=\u00bb#FFFFFF\u00bb global_colors_info=\u00bb{}\u00bb sticky_enabled=\u00bb0&#8243;]<\/p>\n<h2 style=\"text-align: center;\"><span style=\"color: #ffffff;\"><strong>Fotobiograf\u00eda<\/strong><\/span><\/h2>\n<p style=\"text-align: center;\">[\/et_pb_text][\/et_pb_column][et_pb_column type=\u00bb1_5&#8243; _builder_version=\u00bb4.16&#8243; custom_padding=\u00bb|||\u00bb global_colors_info=\u00bb{}\u00bb custom_padding__hover=\u00bb|||\u00bb][\/et_pb_column][\/et_pb_row][et_pb_row _builder_version=\u00bb4.16&#8243; background_size=\u00bbinitial\u00bb background_position=\u00bbtop_left\u00bb background_repeat=\u00bbrepeat\u00bb global_colors_info=\u00bb{}\u00bb][et_pb_column type=\u00bb4_4&#8243; _builder_version=\u00bb4.16&#8243; custom_padding=\u00bb|||\u00bb global_colors_info=\u00bb{}\u00bb custom_padding__hover=\u00bb|||\u00bb][et_pb_text _builder_version=\u00bb4.27.0&#8243; text_font_size=\u00bb16px\u00bb background_color=\u00bb#935c5a\u00bb background_size=\u00bbinitial\u00bb background_position=\u00bbtop_left\u00bb background_repeat=\u00bbrepeat\u00bb custom_padding=\u00bb20px|25px|20px|25px|false|false\u00bb border_width_all=\u00bb5px\u00bb border_color_all=\u00bb#FFFFFF\u00bb global_colors_info=\u00bb{}\u00bb]<\/p>\n<p style=\"text-align: left;\"><span style=\"color: #ffffff;\">Cuando miro en perspectiva los m\u00e1s de 40 a\u00f1os que llevo practicando la fotograf\u00eda creativa veo que he pasado por diferentes etapas de un viaje de b\u00fasqueda personal. Al principio mi pasi\u00f3n me llev\u00f3 a aprender aquellas herramientas que necesitaba llevar conmigo. <br \/>En cuanto a los aspectos t\u00e9cnicos fui muy autodidacta. Por lo dem\u00e1s tuve de profesores a los mejores fot\u00f3grafos de la \u00e9poca: <br \/>Eduard Olivella, Manolo Laguillo, Joan Fontcuberta, Manel Esclusa, Humberto Rivas y otros muchos. Su influencia marc\u00f3 de manera muy determinante mi forma de entender la fotograf\u00eda y la de mi generaci\u00f3n. En esta \u00e9poca hice varias exposiciones en diferentes lugares de Espa\u00f1a como el C\u00edrculo de Bellas Artes de Madrid o la Casa de la Caritat.<\/span><\/p>\n<p style=\"text-align: left;\"><span style=\"color: #ffffff;\">En una segunda etapa me profesionalic\u00e9. Empec\u00e9 a dar clases y mont\u00e9 un estudio de fotograf\u00eda industrial y publicitaria. Fue una manera de seguir aprendiendo porque la ense\u00f1anza te obliga a estructurar lo que sabes para poder transmitirlo y la pr\u00e1ctica profesional te pone unos retos t\u00e9cnicos muy elevados. Hacer fotograf\u00edas todos los d\u00edas hizo que, poco a poco, dejara de lado la ense\u00f1anza y mi obra personal lo que provoc\u00f3 que entrara en una profunda crisis.<\/span><\/p>\n<p style=\"text-align: center;\">[\/et_pb_text][\/et_pb_column][\/et_pb_row][et_pb_row _builder_version=\u00bb4.27.0&#8243; _module_preset=\u00bbdefault\u00bb width=\u00bb100%\u00bb global_colors_info=\u00bb{}\u00bb][et_pb_column type=\u00bb4_4&#8243; _builder_version=\u00bb4.16&#8243; _module_preset=\u00bbdefault\u00bb global_colors_info=\u00bb{}\u00bb][et_pb_image src=\u00bbhttps:\/\/www.laviadelafotografia.com\/wp-content\/uploads\/2024\/08\/Arles-1986-600&#215;417-1.jpg\u00bb title_text=\u00bbArles-1986-600&#215;417-1&#8243; align=\u00bbcenter\u00bb _builder_version=\u00bb4.27.0&#8243; _module_preset=\u00bbdefault\u00bb max_width=\u00bb83%\u00bb border_width_all=\u00bb5px\u00bb border_color_all=\u00bb#FFFFFF\u00bb global_colors_info=\u00bb{}\u00bb][\/et_pb_image][et_pb_text _builder_version=\u00bb4.16&#8243; _module_preset=\u00bbdefault\u00bb custom_margin=\u00bb-13px|||||\u00bb global_colors_info=\u00bb{}\u00bb]<\/p>\n<p style=\"text-align: center;\">Arles 1986. Los nombres son de izquierda a derecha: <br \/>Guillumet, Blanco, Ochandorena, Fabreg\u00e1, Olivella, Carmona, Rivas, Am\u00e9rica, Siserol.<\/p>\n<p>[\/et_pb_text][\/et_pb_column][\/et_pb_row][et_pb_row _builder_version=\u00bb4.16&#8243; background_size=\u00bbinitial\u00bb background_position=\u00bbtop_left\u00bb background_repeat=\u00bbrepeat\u00bb custom_padding=\u00bb14px|||||\u00bb global_colors_info=\u00bb{}\u00bb][et_pb_column type=\u00bb4_4&#8243; _builder_version=\u00bb4.16&#8243; custom_padding=\u00bb|||\u00bb global_colors_info=\u00bb{}\u00bb custom_padding__hover=\u00bb|||\u00bb][et_pb_text _builder_version=\u00bb4.16&#8243; text_font_size=\u00bb16px\u00bb background_color=\u00bb#477275&#8243; background_size=\u00bbinitial\u00bb background_position=\u00bbtop_left\u00bb background_repeat=\u00bbrepeat\u00bb custom_padding=\u00bb20px|25px|16px|25px|false|false\u00bb border_width_all=\u00bb5px\u00bb border_color_all=\u00bb#FFFFFF\u00bb global_colors_info=\u00bb{}\u00bb]<\/p>\n<p style=\"text-align: justify;\"><span style=\"color: #ffffff;\">Busqu\u00e9 ayuda y encontr\u00e9 a la persona que m\u00e1s ha influido en mi vida: Xavier Puigdevall, primero terapeuta y ahora maestro. Adem\u00e1s de ense\u00f1arme a lidiar con mis demonios personales, abri\u00f3 mi campo de visi\u00f3n a la profundidad que supone la pr\u00e1ctica art\u00edstica y me inici\u00f3 en la meditaci\u00f3n. A trav\u00e9s suyo contact\u00e9 con maestros que son valiosos gu\u00edas como Claudio Naranjo y Empar Fresquet entre otros muchos. Este per\u00edodo supuso atravesar un desierto creativo que sirvi\u00f3 para que pudiera \u201cmatar a mis padres\u201d fotogr\u00e1ficos, todas aquellas normas y formas aprendidas de plantear la fotograf\u00eda. Desprenderse de todo eso fue duro porque me qued\u00e9 sin suelo en que apoyarme. Solo con el paso del tiempo puedo ver lo necesario que fue realizar esta traves\u00eda.<\/span><\/p>\n<p style=\"text-align: center;\">[\/et_pb_text][\/et_pb_column][\/et_pb_row][et_pb_row _builder_version=\u00bb4.27.0&#8243; _module_preset=\u00bbdefault\u00bb width=\u00bb100%\u00bb global_colors_info=\u00bb{}\u00bb][et_pb_column type=\u00bb4_4&#8243; _builder_version=\u00bb4.16&#8243; _module_preset=\u00bbdefault\u00bb global_colors_info=\u00bb{}\u00bb][et_pb_image src=\u00bbhttps:\/\/www.laviadelafotografia.com\/wp-content\/uploads\/2024\/08\/Curso-Vallhonrat-Madrid-600&#215;397-1.jpg\u00bb title_text=\u00bbCurso-Vallhonrat-Madrid-600&#215;397-1&#8243; align=\u00bbcenter\u00bb _builder_version=\u00bb4.27.0&#8243; _module_preset=\u00bbdefault\u00bb max_width=\u00bb100%\u00bb border_width_all=\u00bb5px\u00bb border_color_all=\u00bb#FFFFFF\u00bb global_colors_info=\u00bb{}\u00bb][\/et_pb_image][et_pb_text _builder_version=\u00bb4.16&#8243; _module_preset=\u00bbdefault\u00bb custom_margin=\u00bb-12px|||||\u00bb global_colors_info=\u00bb{}\u00bb]<\/p>\n<p style=\"text-align: center;\">Fotograf\u00eda del curso de Javier Vallhonrat en el Circulo de Bellas artes de Madrid.<br \/>Est\u00e1n Alejandro Castellote, Cristina Garc\u00eda Rodero, Jose Manuel Castro Prieto, <br \/>Miguel Trillo, Chema Madoz, I\u00f1igo Royo, Javier Diaz y muchos m\u00e1s.<\/p>\n<p>[\/et_pb_text][\/et_pb_column][\/et_pb_row][et_pb_row _builder_version=\u00bb4.16&#8243; background_size=\u00bbinitial\u00bb background_position=\u00bbtop_left\u00bb background_repeat=\u00bbrepeat\u00bb global_colors_info=\u00bb{}\u00bb][et_pb_column type=\u00bb4_4&#8243; _builder_version=\u00bb4.16&#8243; custom_padding=\u00bb|||\u00bb global_colors_info=\u00bb{}\u00bb custom_padding__hover=\u00bb|||\u00bb][et_pb_text _builder_version=\u00bb4.16&#8243; text_font_size=\u00bb16px\u00bb background_color=\u00bb#935c5a\u00bb background_size=\u00bbinitial\u00bb background_position=\u00bbtop_left\u00bb background_repeat=\u00bbrepeat\u00bb custom_padding=\u00bb20px|25px|20px|25px|false|false\u00bb border_width_all=\u00bb5px\u00bb border_color_all=\u00bb#FFFFFF\u00bb global_colors_info=\u00bb{}\u00bb]<\/p>\n<p style=\"text-align: justify;\"><span style=\"color: #ffffff;\">La forma de reconstruirme fue encontrar la manera de unir los dos mundos: el del autoconocimiento y el creativo. Dediqu\u00e9 a\u00f1os a la b\u00fasqueda de cualquier aportaci\u00f3n que hubieran hecho otros fot\u00f3grafos sobre este tema, tanto a trav\u00e9s de textos como con sus fotograf\u00edas. Destac\u00f3 entre todos ellos Minor White y, \u00faltimamente, las ense\u00f1anzas de Miksang\u00a0 que me han aportado una s\u00f3lida base sobre el funcionamiento de la percepci\u00f3n.<\/span><\/p>\n<p style=\"text-align: justify;\"><span style=\"color: #ffffff;\">En estos momentos mi inter\u00e9s se centra en compartir lo aprendido con otras personas y poder acompa\u00f1arlas en su viaje creativo. <br \/><\/span><\/p>\n<p style=\"text-align: justify;\"><span style=\"color: #ffffff;\">Luis Ochandorena<\/span><\/p>\n<p>[\/et_pb_text][\/et_pb_column][\/et_pb_row][et_pb_row _builder_version=\u00bb4.27.0&#8243; _module_preset=\u00bbdefault\u00bb global_colors_info=\u00bb{}\u00bb][et_pb_column type=\u00bb4_4&#8243; _builder_version=\u00bb4.27.0&#8243; _module_preset=\u00bbdefault\u00bb global_colors_info=\u00bb{}\u00bb][\/et_pb_column][\/et_pb_row][\/et_pb_section]<\/p>\n","protected":false},"excerpt":{"rendered":"<p>Fotobiograf\u00eda Cuando miro en perspectiva los m\u00e1s de 40 a\u00f1os que llevo practicando la fotograf\u00eda creativa veo que he pasado por diferentes etapas de un viaje de b\u00fasqueda personal. Al principio mi pasi\u00f3n me llev\u00f3 a aprender aquellas herramientas que necesitaba llevar conmigo. En cuanto a los aspectos t\u00e9cnicos fui muy autodidacta. Por lo dem\u00e1s [&hellip;]<\/p>\n","protected":false},"author":1,"featured_media":0,"parent":0,"menu_order":0,"comment_status":"closed","ping_status":"closed","template":"","meta":{"_et_pb_use_builder":"on","_et_pb_old_content":"","_et_gb_content_width":"","footnotes":""},"class_list":["post-523","page","type-page","status-publish","hentry"],"_links":{"self":[{"href":"https:\/\/www.laviadelafotografia.com\/index.php\/wp-json\/wp\/v2\/pages\/523","targetHints":{"allow":["GET"]}}],"collection":[{"href":"https:\/\/www.laviadelafotografia.com\/index.php\/wp-json\/wp\/v2\/pages"}],"about":[{"href":"https:\/\/www.laviadelafotografia.com\/index.php\/wp-json\/wp\/v2\/types\/page"}],"author":[{"embeddable":true,"href":"https:\/\/www.laviadelafotografia.com\/index.php\/wp-json\/wp\/v2\/users\/1"}],"replies":[{"embeddable":true,"href":"https:\/\/www.laviadelafotografia.com\/index.php\/wp-json\/wp\/v2\/comments?post=523"}],"version-history":[{"count":5,"href":"https:\/\/www.laviadelafotografia.com\/index.php\/wp-json\/wp\/v2\/pages\/523\/revisions"}],"predecessor-version":[{"id":734,"href":"https:\/\/www.laviadelafotografia.com\/index.php\/wp-json\/wp\/v2\/pages\/523\/revisions\/734"}],"wp:attachment":[{"href":"https:\/\/www.laviadelafotografia.com\/index.php\/wp-json\/wp\/v2\/media?parent=523"}],"curies":[{"name":"wp","href":"https:\/\/api.w.org\/{rel}","templated":true}]}}